{"id":152,"date":"2016-07-05T21:08:29","date_gmt":"2016-07-05T19:08:29","guid":{"rendered":"http:\/\/stimme-und-persoenlichkeit.de\/?page_id=152"},"modified":"2019-11-07T15:35:09","modified_gmt":"2019-11-07T13:35:09","slug":"aktuell","status":"publish","type":"page","link":"http:\/\/stimme-und-persoenlichkeit.de\/index.php\/aktuell\/","title":{"rendered":"Aktuell"},"content":{"rendered":"<h6>\u00a0Weitere Informationen\u00a0 unter\u00a0 &#8216;Workshops etc,&#8217; oder den entsprechenden Seiten<strong><br \/>\n<\/strong><\/h6>\n<p><span style=\"text-decoration: underline;\"><strong>\u00a0&#8216;Schamanisches Reisen &#8216;\u00a0<\/strong><\/span><\/p>\n<ul>\n<li><strong>VHS Bochum\u00a0\u00a0\u00a0\u00a0\u00a0\u00a0\u00a0\u00a0\u00a0\u00a0 Sonnntag, 10.11.19 \u00a0\u00a0\u00a0\u00a0 10 -18 Uhr<\/strong><\/li>\n<\/ul>\n<p>&nbsp;<\/p>\n<p><span style=\"text-decoration: underline;\"><strong>Singen mit BAUCH <\/strong><\/span><strong>\u00a0 in M\u00fclheim, Oberhausen und Duisburg<\/strong><\/p>\n<p>Neue Termine ab <strong>September\u00a0<\/strong> !!!<\/p>\n<p>siehe:<\/p>\n<p><strong>www.stimme-und-persoenlichkeit.de\/index.php\/stimme\/singen-mit-bauch\/<\/strong><\/p>\n<p>&nbsp;<\/p>\n<p>&nbsp;<\/p>\n<p>&nbsp;<\/p>\n<p>&nbsp;<\/p>\n<p><em>Workshops und Thementage (Termine sind in Vorbereitung)<\/em><\/p>\n<ol>\n<li>\u00a0<strong>Kraft aus der Stille\u00a0 <\/strong>Klangmeditation mit Stimme, Gong und Stille<\/li>\n<li><strong>Auf die Pl\u00e4tze &#8211; sprechen- los!\u00a0\u00a0\u00a0\u00a0 <\/strong>Leicht und lustvoll vor Publikum sprechen und pr\u00e4sentieren<\/li>\n<li><strong>Einf\u00fchlsam kommunizieren<\/strong>:\u00a0 Einf\u00fchrung und praktische \u00dcbungen f\u00fcr den Alltag<\/li>\n<li><strong>Klares JA &#8211; klares NEIN\u00a0 :<\/strong> die eigenen Grenzen erkennen und vertreten<\/li>\n<li><strong>Visionswerkstatt: <\/strong>Finde und gestalte dein Zukunftsbild<\/li>\n<li><strong>Wohlf\u00fchltag &#8211; nur f\u00fcr dich: <\/strong>Entspannung,\u00a0 K\u00f6rperwahrnehmung, Massieren, T\u00f6nen und singen, Heilmeditationen<\/li>\n<li><strong>Stimme in Bewegung:<\/strong> Intensive K\u00f6rper- und Bewegungsarbeit in Verbindung mit der Stimme: entdecken, lauschen, genie\u00dfen, gestalten<\/li>\n<li><strong>Atem &#8211; K\u00f6rper &#8211; Klang:<\/strong> Den eigenen K\u00f6rper entdecken und wahrnehmen, Kraftquellen erschlie\u00dfen, unbefangen mit der Stimme spielen, gemeinsam T\u00f6nen und improvisieren<\/li>\n<li><strong>&#8216;Join the circle&#8217;. <\/strong>gemeinam t\u00f6nen, singen und improvisieren mit Stimme, Klangobjekten und Rhythmus<\/li>\n<li><strong>Mit Ritualen den Alltag gestalten:<\/strong> Was sind Rituale &#8211; wof\u00fcr sind sie gut &#8211; wie kann ich selber Rituale f\u00fcr mich gestalten<\/li>\n<li><strong>Schamanische Naturwanderung &#8211; medicine walk<\/strong><\/li>\n<li><strong>Die vier Elemente als Grundlagen des Lebens<\/strong>: Die vier Elemente erfahren und erleben, ihre Weisheit\u00a0 und was sie uns \u00fcber das Leben lehren k\u00f6nnen<\/li>\n<\/ol>\n<p>&nbsp;<\/p>\n<p>&nbsp;<\/p>\n<p>&nbsp;<\/p>\n<p>&nbsp;<\/p>\n<p>&nbsp;<\/p>\n","protected":false},"excerpt":{"rendered":"<p>\u00a0Weitere Informationen\u00a0 unter\u00a0 &#8216;Workshops etc,&#8217; oder den entsprechenden Seiten \u00a0&#8216;Schamanisches Reisen &#8216;\u00a0 VHS Bochum\u00a0\u00a0\u00a0\u00a0\u00a0\u00a0\u00a0\u00a0\u00a0\u00a0 Sonnntag, 10.11.19 \u00a0\u00a0\u00a0\u00a0 10 -18 Uhr &nbsp; Singen mit BAUCH \u00a0 in M\u00fclheim, Oberhausen und Duisburg Neue Termine ab September\u00a0 !!! siehe: www.stimme-und-persoenlichkeit.de\/index.php\/stimme\/singen-mit-bauch\/ &nbsp; &nbsp; &nbsp; &hellip; <a href=\"http:\/\/stimme-und-persoenlichkeit.de\/index.php\/aktuell\/\">Continued<\/a><\/p>\n","protected":false},"author":2,"featured_media":0,"parent":0,"menu_order":0,"comment_status":"closed","ping_status":"closed","template":"page-feature.php","meta":[],"_links":{"self":[{"href":"http:\/\/stimme-und-persoenlichkeit.de\/index.php\/wp-json\/wp\/v2\/pages\/152"}],"collection":[{"href":"http:\/\/stimme-und-persoenlichkeit.de\/index.php\/wp-json\/wp\/v2\/pages"}],"about":[{"href":"http:\/\/stimme-und-persoenlichkeit.de\/index.php\/wp-json\/wp\/v2\/types\/page"}],"author":[{"embeddable":true,"href":"http:\/\/stimme-und-persoenlichkeit.de\/index.php\/wp-json\/wp\/v2\/users\/2"}],"replies":[{"embeddable":true,"href":"http:\/\/stimme-und-persoenlichkeit.de\/index.php\/wp-json\/wp\/v2\/comments?post=152"}],"version-history":[{"count":35,"href":"http:\/\/stimme-und-persoenlichkeit.de\/index.php\/wp-json\/wp\/v2\/pages\/152\/revisions"}],"predecessor-version":[{"id":596,"href":"http:\/\/stimme-und-persoenlichkeit.de\/index.php\/wp-json\/wp\/v2\/pages\/152\/revisions\/596"}],"wp:attachment":[{"href":"http:\/\/stimme-und-persoenlichkeit.de\/index.php\/wp-json\/wp\/v2\/media?parent=152"}],"curies":[{"name":"wp","href":"https:\/\/api.w.org\/{rel}","templated":true}]}}