{"id":40,"date":"2016-06-25T13:39:57","date_gmt":"2016-06-25T13:39:57","guid":{"rendered":"http:\/\/stimme-und-persoenlichkeit.de\/?page_id=40"},"modified":"2019-02-20T12:40:22","modified_gmt":"2019-02-20T10:40:22","slug":"schamanisches","status":"publish","type":"page","link":"http:\/\/stimme-und-persoenlichkeit.de\/index.php\/schamanisches\/","title":{"rendered":"Schamanisches"},"content":{"rendered":"<div class=\"row\"> <div class=\"col-md-8\">\n<p>&nbsp;<\/p>\n<p>Der schamanische Ansatz verbindet die geistig-spirituelle Ebene mit tiefer Verbundenheit mit der Natur und der Erde. Beides geh\u00f6rt f\u00fcr mich zu einer umfassenden lebendigen Spiritualit\u00e4t zusammen.<\/p>\n<p>Meine geistigen Wege und Erfahrungen:<\/p>\n<p><strong>Schamanismus:<\/strong> Verbundenheit mit der Natur und dem Universum &#8211; Wege mit der geistigen Welt zu kommunizieren &#8211; Natur, Tiere und Pflanzen als Lehrer<\/p>\n<p><strong>Kampfkunst<\/strong>: aus Gedanken und Vorstellungen absolut ins Hier und Jetzt kommen &#8211;\u00a0 innere Zentrierung &#8211; Intuition schulen &#8211;\u00a0 die K\u00f6rper \u2013 und Lebenskraft entwickeln &#8211; zielgerichtetes Handeln und Durchsetzungsst\u00e4rke \u00fcben<\/p>\n<p><strong>Meditation<\/strong>: Still werden &#8211; Akzeptanz &#8211; Identifikation loslassen &#8211; inneren Beobachter schulen<\/p>\n<p><strong>Advaita<\/strong>: Nicht-Zweiheit, das G\u00f6ttliche durchdringt die Sch\u00f6pfung<\/p>\n<p><strong>Stimm- und Klangmeditation: <\/strong>Die tiefe Erfahrung lebendiger Klang zu sein<strong><br \/>\n<\/strong><\/p>\n<p>&nbsp;<\/p>\n<p>&nbsp;<\/p>\n<p>&nbsp;<\/p>\n<\/div><div class=\"col-md-4\">\n<p><img loading=\"lazy\" class=\"alignnone size-medium wp-image-205\" src=\"http:\/\/stimme-und-persoenlichkeit.de\/wp-content\/uploads\/2016\/06\/Reise-Wuppertal-300x225.jpg\" alt=\"Reise Wuppertal\" width=\"300\" height=\"225\" \/><\/p>\n<h4><strong>Aktuell<\/strong><\/h4>\n<ul>\n<li><span style=\"text-decoration: underline;\"><strong>Tagesseminar<\/strong> Samstag, <strong>9.3.2019\u00a0<\/strong> <\/span>10-18 Uhr \u00a0 <strong>VHS Bochum<\/strong><\/li>\n<\/ul>\n<p>https:\/\/vhs.bochum.de\/index.php?id=106&#038;kathaupt=11&#038;knr=Y89310&#038;katid=<\/p>\n<ul>\n<li><strong>T<span style=\"text-decoration: underline;\">agesseminar<\/span><\/strong><span style=\"text-decoration: underline;\"> Sonntag <\/span><strong><span style=\"text-decoration: underline;\">19.5.2019<\/span>\u00a0\u00a0\u00a0<\/strong> 10-18 Uhr <strong>VHS Paderborn<\/strong><\/li>\n<\/ul>\n<p>https:\/\/vhskurse.paderborn.de\/webbasys\/index.php?kathaupt=11&#038;knr=91-1414CB&#038;kursname=Schamanisches+Reisen+-+Einfuehrung+und+Begleitung+bei+ind+Arbeit&#038;katid=0#inhalt<\/p>\n<\/div><\/div>\n<p>&nbsp;<\/p>\n","protected":false},"excerpt":{"rendered":"<p>&nbsp;<\/p>\n","protected":false},"author":2,"featured_media":136,"parent":0,"menu_order":0,"comment_status":"closed","ping_status":"closed","template":"page-feature.php","meta":[],"_links":{"self":[{"href":"http:\/\/stimme-und-persoenlichkeit.de\/index.php\/wp-json\/wp\/v2\/pages\/40"}],"collection":[{"href":"http:\/\/stimme-und-persoenlichkeit.de\/index.php\/wp-json\/wp\/v2\/pages"}],"about":[{"href":"http:\/\/stimme-und-persoenlichkeit.de\/index.php\/wp-json\/wp\/v2\/types\/page"}],"author":[{"embeddable":true,"href":"http:\/\/stimme-und-persoenlichkeit.de\/index.php\/wp-json\/wp\/v2\/users\/2"}],"replies":[{"embeddable":true,"href":"http:\/\/stimme-und-persoenlichkeit.de\/index.php\/wp-json\/wp\/v2\/comments?post=40"}],"version-history":[{"count":65,"href":"http:\/\/stimme-und-persoenlichkeit.de\/index.php\/wp-json\/wp\/v2\/pages\/40\/revisions"}],"predecessor-version":[{"id":108,"href":"http:\/\/stimme-und-persoenlichkeit.de\/index.php\/wp-json\/wp\/v2\/pages\/40\/revisions\/108"}],"wp:featuredmedia":[{"embeddable":true,"href":"http:\/\/stimme-und-persoenlichkeit.de\/index.php\/wp-json\/wp\/v2\/media\/136"}],"wp:attachment":[{"href":"http:\/\/stimme-und-persoenlichkeit.de\/index.php\/wp-json\/wp\/v2\/media?parent=40"}],"curies":[{"name":"wp","href":"https:\/\/api.w.org\/{rel}","templated":true}]}}