{"id":412,"date":"2016-12-01T13:49:36","date_gmt":"2016-12-01T11:49:36","guid":{"rendered":"http:\/\/stimme-und-persoenlichkeit.de\/?page_id=412"},"modified":"2017-02-25T01:46:28","modified_gmt":"2017-02-24T23:46:28","slug":"seminare","status":"publish","type":"page","link":"http:\/\/stimme-und-persoenlichkeit.de\/index.php\/seminare\/","title":{"rendered":"Workshops  &#8211;  Vortr\u00e4ge  &#8211;  Seminare"},"content":{"rendered":"<h5><\/h5>\n<h3 align=\"left\"><span style=\"font-size: x-large;\"><u><b>Erfolgreich kommunizieren &#8211; so geht\u2019s!<\/b><\/u><\/span><\/h3>\n<h6><strong> <span style=\"font-size: large;\">Vortragsreihe mit praktischen \u00dcbungen zum Thema &#8216;Kommunizieren im Alltag&#8217;.<\/span><\/strong><\/h6>\n<p>Jede Begegnung bedeutet automatisch Kommunikation: auch wenn ich nur ausdr\u00fccke, dass ich<i> <\/i><i><b>nicht <\/b><\/i>reden m\u00f6chte ist das schon eine klare Botschaft an mein Gegen\u00fcber!<\/p>\n<p>Leider gelingt der Austausch mit Anderen im Alltag aber nicht immer so, wir wir uns das vorgestellt haben &#8230;<\/p>\n<p>Daf\u00fcr ist diese kleine Vortragsreihe gedacht:<\/p>\n<p>Wir werden uns lebendig und klug &#8211; dabei leicht verst\u00e4ndlich und mit vielen praktischen \u00dcbungen- mit den Schwierigkeiten und Stolperfallen bei der Kommunikation im Alltag besch\u00e4ftigen.<\/p>\n<p>Die drei Abende ( Mittwoch, 19 &#8211; 20.30 Uhr am 8.3., 22.3. und 5.4.) behandeln jeweils eigene Aspekte :<\/p>\n<h4><strong>1. Du verstehst mich nicht ! &#8211; warum nicht?! ( 8.3.)<\/strong><\/h4>\n<p>Hier werden allgemeine, grundlegende Strukturen von Kommunikation dargestellt und erkl\u00e4rt &#8211; und wie Missverst\u00e4ndnisse entstehen. Jeder Mensch hat ganz eigene, individuelle Kommunikations-strukturen die er automatisch auch bei anderen so erwartet \u2013 und das geht oft schief. Wenn man aber die Strukturen und Gewohnheiten bei sich selbst und bei anderen Menschen besser erkennen und vestehen kann, lassen sich leichter Br\u00fccken bauen. (8.3.)<\/p>\n<h4><b>2. Achtung \u2013 der K\u00f6rper spricht mit! <\/b> (22.3)<\/h4>\n<p>&#8230;und zwar zu <b>90 % ! <\/b><\/p>\n<p>Kommunikationforscher haben herausgefunden, dass unsere Kommunikation nur zu 10% durch Worte bestimmt wird :<\/p>\n<p><b>50%<\/b> beruhen auf <b>K\u00f6rpersprache, Mimik<\/b> und <b>Gestik<\/b>,<\/p>\n<p><b>40 %<\/b> auf <b>Stimmklang <\/b>und <b>Sprechweise.<\/b><\/p>\n<p>Jeder kennt Stimmen, die schmeicheln &#8211; oder schrill und schneidend durch Mark und Bein gehen, kennt Menschen mit entspannter, einladender K\u00f6rpergestik oder angespannter Panzerung. Diese K\u00f6rpersignale beeinflussen stark unsere Art und Weise miteinander zu kommunizieren.<\/p>\n<p>Neben der Theorie laden immer wieder kleine \u00dcbungen dazu ein, die eigenen Muster zu erkennen, zu erweitern und freier und flexibler im eigenen Ausdruck zu werden.<\/p>\n<h4>3. <b>E<\/b><b>inf\u00fchlsame<\/b><b> Kommunikat<\/b><b>i<\/b><b>on <\/b> (5.4.)<\/h4>\n<p>Kommunikation hat immer auch mit den eigenen Gef\u00fchlen, W\u00fcnschen und Bed\u00fcrfnissen zu tun.<\/p>\n<p>Da diese im Laufe unseres Lebens oft nicht erw\u00fcnscht waren und wir daf\u00fcr bestraft oder l\u00e4cherlich gemacht wurden, haben wir angefangen sie zu unterdr\u00fccken und zu verdr\u00e4ngen.<\/p>\n<p>Das macht es uns aber heute schwer, sie wahrzunehmen und auf angemessene, verst\u00e4ndliche Weise auszudr\u00fccken und zu kommunizieren<\/p>\n<p>Angelehnt an die &#8216;Gewaltfreie Kommunikation&#8217; geht es an diesem Abend darum, wie man so kommunizieren kann, dass sowohl die eigenen W\u00fcnsche und Bed\u00fcrfnisse als auch die des Gegen\u00fcbers einf\u00fchlsam und respektvoll ber\u00fccksichtigt werden.<\/p>\n<p>&nbsp;<\/p>\n<p><span style=\"color: #ffffff;\"> &#8212;&#8212;&#8212;&#8212;&#8212;&#8212;&#8212;&#8212;&#8212;&#8212;&#8212;&#8212;&#8212;&#8212;&#8212;&#8212;&#8212;&#8212;&#8212;&#8212;&#8212;&#8212;&#8212;&#8212;&#8212;&#8212;&#8212;&#8212;&#8212;&#8212;&#8212;&#8212;&#8212;&#8211;<\/span><span style=\"color: #ffffff;\">&#8212;<\/span><\/p>\n<div>\n<h3><strong><span style=\"text-decoration: underline;\">KLANG und STILLE<\/span><\/strong><\/h3>\n<h5>Entspannen &#8211; genie\u00dfen &#8211; zu sich selber kommen<\/h5>\n<p>Sanfte, wohltuende\u00a0 K\u00f6rper- und Atem\u00fcbungen f\u00fchren fast von selbst ins eigene T\u00f6nen und Summen, das jede Zelle des K\u00f6rpers in belebende Schwingung versetzt. Dadurch l\u00f6sen sich k\u00f6rperliche und seelische Spannungen und verwandeln sich in einen lebendigen Kraftstrom.Der Gong kommt dazu und l\u00e4dt ein, sich von den vielseitigen, wandlungsf\u00e4higen Kl\u00e4ngen inspirieren zu lassen und gen\u00fcsslich darin zu baden.<\/p>\n<p>Dabei kann man ganz den eigenen Impulsen folgen: dazu summen und t\u00f6nen, tanzen, sich bewegen &#8211; oder einfach wohlig entspannt auf einer Matte liegend auf eine innere Klangreise gehen.<\/p>\n<p>Phasen der meditativen Stille lassen bei sich selbst ankommen und f\u00fchren in den eigenen inneren Raum, erm\u00f6glichen tiefe Erholung und Regeneration \u2013 und manchmal kl\u00e4ren sich dabei auch innere Prozesse und neue Einsichten tauchen auf\u2026<\/p>\n<p>F\u00fcr alle die:<\/p>\n<ul>\n<li>eine kleine wohltuende Auszeit f\u00fcr sich erleben m\u00f6chten<\/li>\n<li>einfach mal wieder zur Ruhe kommen wollen<\/li>\n<li>es genie\u00dfen wollen, zu t\u00f6nen und im Klang zu baden<\/li>\n<li>Entspannung und neue Kraft finden m\u00f6chten<\/li>\n<li>sich selbst wieder besser sp\u00fcren und die Eigenwahrnehmung vertiefen wollen<\/li>\n<li>neugierig sind auf neue Erfahrungen in Bezug auf Selbstwahrnehmung und Ausdruck<\/li>\n<li>Freude an der besonderen Atmosph\u00e4re beim gemeinsamen t\u00f6nen und in der gemeinsamen Stille haben<\/li>\n<\/ul>\n<hr \/>\n<\/div>\n<div>\n<h3 align=\"left\"><span style=\"font-size: x-large;\"><b><span style=\"text-decoration: underline;\">Visions<\/span><\/b><span style=\"text-decoration: underline;\"><b>W<\/b><b>erkstatt<\/b><b> :<\/b><\/span><\/span><\/h3>\n<p align=\"left\"><br clear=\"left\" \/><span style=\"font-size: large;\"><b><span style=\"font-size: large;\">Dem Leben eine Richtung geben &#8211; <\/span><span style=\"font-size: large;\">g<\/span><span style=\"font-size: large;\">estalte Deine Zukunft <\/span><span style=\"font-size: large;\"><u>jetzt<\/u><\/span><span style=\"font-size: large;\">!<\/span><\/b><\/span><\/p>\n<p align=\"left\">&#8221;Ach, ich wollte doch schon immer\u2026.&#8221; &#8211; &#8221;Ja, mein eigentlicher Traum ist&#8230;&#8221; &#8211; &#8221;Wenn ich mir was w\u00fcnschen d\u00fcrfte, dann w\u00fcrde ich wenigstens ein mal\u2026&#8217; &#8211; und dann tut man es doch nicht!<\/p>\n<p align=\"left\">In dieser Werkstatt k\u00f6nnen Sie jetzt gleich damit anfangen, ihre Tr\u00e4ume zu verwirklichen:<\/p>\n<p align=\"left\">Durch mehrere angeleitete Selbstkl\u00e4rungsprozesse werden wir noch vage W\u00fcnsche und Tr\u00e4ume in kristallklare, greifbare<strong> ZIELE<\/strong> und<strong> LEBENSVISIONEN<\/strong> verwandeln.<\/p>\n<p align=\"left\">Davon inspiriert, gestaltet anschlie\u00dfend jede\/r das ganz eigene,<strong> pers\u00f6nliche Vision Board: <\/strong>auf einen bunten Karton wird eine<strong> Collage<\/strong> aus Bildern, Motiven, Zitaten, Stichworten und Affirmationen rund um die neuen <strong>Wunschziele<\/strong> aufgeklebt.<\/p>\n<p align=\"left\">Dieses gibt Ihnen Sicherheit, innere Klarheit und einen Kompass f\u00fcr die Seele, der Fokus, Kraft, Inspiration\u00a0 und Motivation im Alltag gibt.\u00a0 Wer seine W\u00fcnsche, Tr\u00e4ume und Ziele immer vor Augen hat, wird stetig daran erinnert, beh\u00e4lt sie im Blick und verzettelt sich weniger in Unwichtigem!<\/p>\n<p align=\"left\">Damit ist bereits der erste, wichtige Schritt zur Verwirklichung von Zielen bereits gemacht &#8211; und der n\u00e4chste ergibt sich vielleicht fast von selbst\u2026<\/p>\n<p align=\"left\">Jede\/r kann dabei eigene Themen bearbeiten: diese k\u00f6nnen bestimmte Lebensbereiche oder einen bestimmten Zeitraum umfassen, der Prozess dient aber sehr gut auch einer grundlegenden Lebensorientierung oder Neuausrichtung.<\/p>\n<\/div>\n<p align=\"left\">\u00a0\u00a0\u00a0\u00a0\u00a0\u00a0\u00a0\u00a0\u00a0\u00a0\u00a0\u00a0\u00a0\u00a0\u00a0<span style=\"color: #ffffff;\">\u00a0\u00a0 &#8212;&#8212;&#8212;&#8212;&#8212;&#8212;&#8212;&#8212;&#8212;&#8212;&#8212;&#8212;&#8212;&#8212;&#8212;&#8212;&#8212;&#8212;&#8212;&#8212;&#8212;&#8212;&#8212;&#8212;&#8212;&#8212;&#8212;&#8212;&#8212;&#8212;&#8212;&#8212;&#8212;&#8212;&#8212;&#8212;<\/span><\/p>\n<div>\n<h3><strong><span style=\"text-decoration: underline;\">Komm in Deine Kraft\u00a0 &#8211; schmiede Dein Leben!<\/span><\/strong><\/h3>\n<p>Schamanischer Initiationsworkshop am 24.\/25.3.. 2017 mit Johana Fricke und Vanessa Linden ( Goldschmiedin)<\/p>\n<\/div>\n<div>Freitagabend beginnt das Ritual mit einer gemeinsamen Einf\u00fchrung. Danach begibst du dich mit Johana auf eine schamanische Trommelreise, in der du dich auf die Suche nach deiner <strong>tiefsten Lebenskraft<\/strong> machst und um ein klares <strong>Symbol<\/strong> daf\u00fcr bittest.<br \/>\nDie Nacht bringt dann oft noch weitere Vertiefung, Tr\u00e4ume und Inspirationen f\u00fcr deinen Prozess.<br \/>\nEingetaucht in diese Kraft und Energie wirst du am n\u00e4chsten Tag von Vanessa angeleitet und dabei unterst\u00fctzt, deiner Vision im H\u00e4mmern und Schmieden von edlen Metallen Ausdruck zu verleihen.<br \/>\nDabei geht es \u00fcberhaupt nicht darum, das &#8216;\u00e4sthetisch perfekte Schmuckst\u00fcck zu designen&#8217; &#8211; sondern es geht einzig um <strong>Dich und wer du im Laufe dieses tiefen Prozesses geworden bist<\/strong> \u2013 und das Symbol daf\u00fcr h\u00e4ltst Du in deinen eigenen H\u00e4nden!<br \/>\nIn einer kleinen Abschlusszeremonie weihst du dein <strong>neues Kraftobjekt<\/strong> ein und findest vielleicht auch einen Namen daf\u00fcr.<\/div>\n<p align=\"left\">\n<p align=\"left\">\u00a0\u00a0\u00a0\u00a0\u00a0\u00a0\u00a0\u00a0\u00a0\u00a0\u00a0\u00a0\u00a0<span style=\"color: #ffffff;\">\u00a0\u00a0 &#8212;&#8212;&#8212;&#8212;&#8212;&#8212;&#8212;&#8212;&#8212;&#8212;&#8212;&#8212;&#8212;&#8212;&#8212;&#8212;&#8212;&#8212;&#8212;&#8212;&#8212;&#8212;&#8212;&#8212;&#8212;<\/span><\/p>\n<h3 align=\"left\">&#8211;\u00a0 <span style=\"text-decoration: underline;\">Stimme in Bewegung<\/span><\/h3>\n<p align=\"left\">\n<p align=\"left\"><span style=\"color: #ffffff;\">\u00a0\u00a0\u00a0\u00a0\u00a0\u00a0\u00a0\u00a0\u00a0\u00a0\u00a0\u00a0\u00a0\u00a0\u00a0\u00a0\u00a0 &#8212;&#8212;&#8212;&#8212;&#8212;&#8212;&#8212;&#8212;&#8212;&#8212;&#8212;&#8212;&#8212;&#8212;&#8212;&#8212;&#8212;&#8212;&#8212;&#8212;-<\/span><\/p>\n<p align=\"left\"><span style=\"color: #ffffff;\">\u00a0\u00a0\u00a0\u00a0\u00a0\u00a0\u00a0\u00a0\u00a0\u00a0 \u00a0 \u00a0 \u00a0 \u00a0 \u00a0 \u00a0 \u00a0 \u00a0 \u00a0 \u00a0 \u00a0 \u00a0 \u00a0 \u00a0 \u00a0\u00a0 &#8212;&#8212;&#8212;<\/span><\/p>\n<p align=\"left\">\n<p align=\"left\">\n<p align=\"left\">\n<p align=\"left\"><span style=\"color: #ffffff;\">&#8212;&#8212; &#8212;&#8212;<\/span><\/p>\n<div>VisionsWerkstatt:\u00a0 Finde Deine Vision f\u00fcr 2017!<br \/>\n&#8216;Wir k\u00f6nnen unsere Tr\u00e4ume erst dann verwirklichen wenn wir uns entscheiden, daraus aufzuwachen!&#8217; ( J. Baker)<\/div>\n<div><em><em><em>Ach man m\u00fcsste mal\u2026 ich wollte doch schon immer&#8230;mein eigentlicher Traum w\u00e4re\u2026- aus diesen vagen Vorstellungen werden in einem tiefen Kl\u00e4rungsprozess durch Meditationen, Fragen und Visualisierungen ganz kristallklare Bilder und Ziele!<br \/>\nAus dieser inneren Klarheit heraus suchst Du dann in Zeitschriften intuitiv Bilder, Worte und Symbole aus, die ausgeschnitten und zu Deinem VisisonsBild komponiert und aufgeklebt werden.<br \/>\nDieses Bild begleitet Dich dann ins Neue Jahr &#8211; als authentischer Seelenkompass f\u00fcr Deine Kreativit\u00e4t!<br \/>\nEs hilft Dir durch das ganze Jahr dabei, Klarheit, Fokus, Motivation und Inspiration aufrechtzuerhalten um dein Leben immer an Deinen wirklich tiefsten Tr\u00e4ume und W\u00fcnsche auszurichten und sie dadurch zu verwirklichen!<\/em><\/em><\/em><\/p>\n<div>\n<p>&nbsp;<\/p>\n<p><em><u><strong>F\u00fchle\u00a0 Deine Kraft : schmiede Dein Kraftobjekt!<\/strong><\/u><\/em><\/p>\n<p>Schamanischer Initiationsworkshop am 17.\/18.2. 2017 mit Johana Fricke und vanessa Linden ( Goldschmiedin)<\/p>\n<\/div>\n<div><em>Freitagabend beginnt das Ritual mit einer gemeinsamen Einf\u00fchrung. Danach begibst du dich mit Johana auf eine schamanische Trommelreise, in der du dich auf die Suche nach deiner tiefsten Lebenskraft machst und um ein klares Symbol daf\u00fcr bittest.<br \/>\nDie Nacht bringt dann oft noch weitere Vertiefung, Tr\u00e4ume und Inspirationen f\u00fcr deinen Prozess.<br \/>\nEingetaucht in diese Kraft und Energie wirst du am n\u00e4chsten Tag von Vanessa angeleitet und dabei unterst\u00fctzt, deiner Vision im H\u00e4mmern und Schmieden von edlen Metallen Ausdruck zu verleihen.<br \/>\nDabei geht es \u00fcberhaupt nicht darum, das &#8216;\u00e4sthetisch perfekte Schmuckst\u00fcck zu designen&#8217; &#8211; sondern es geht einzig um Dich und wer du im Laufe dieses tiefen Prozesses geworden bist \u2013 und das Symbol daf\u00fcr h\u00e4ltst Du in deinen eigenen H\u00e4nden!<br \/>\nIn einer kleinen Abschlusszeremonie weihst du dein neues Kraftobjekt ein und findest vielleicht auch einen Namen daf\u00fcr.<\/em><\/div>\n<p>&nbsp;<\/p>\n<p>&nbsp;<\/p>\n<\/div>\n","protected":false},"excerpt":{"rendered":"<p>Erfolgreich kommunizieren &#8211; so geht\u2019s! Vortragsreihe mit praktischen \u00dcbungen zum Thema &#8216;Kommunizieren im Alltag&#8217;. Jede Begegnung bedeutet automatisch Kommunikation: auch wenn ich nur ausdr\u00fccke, dass ich nicht reden m\u00f6chte ist das schon eine klare Botschaft an mein Gegen\u00fcber! Leider gelingt &hellip; <a href=\"http:\/\/stimme-und-persoenlichkeit.de\/index.php\/seminare\/\">Continued<\/a><\/p>\n","protected":false},"author":2,"featured_media":0,"parent":0,"menu_order":0,"comment_status":"closed","ping_status":"closed","template":"page-feature.php","meta":[],"_links":{"self":[{"href":"http:\/\/stimme-und-persoenlichkeit.de\/index.php\/wp-json\/wp\/v2\/pages\/412"}],"collection":[{"href":"http:\/\/stimme-und-persoenlichkeit.de\/index.php\/wp-json\/wp\/v2\/pages"}],"about":[{"href":"http:\/\/stimme-und-persoenlichkeit.de\/index.php\/wp-json\/wp\/v2\/types\/page"}],"author":[{"embeddable":true,"href":"http:\/\/stimme-und-persoenlichkeit.de\/index.php\/wp-json\/wp\/v2\/users\/2"}],"replies":[{"embeddable":true,"href":"http:\/\/stimme-und-persoenlichkeit.de\/index.php\/wp-json\/wp\/v2\/comments?post=412"}],"version-history":[{"count":7,"href":"http:\/\/stimme-und-persoenlichkeit.de\/index.php\/wp-json\/wp\/v2\/pages\/412\/revisions"}],"predecessor-version":[{"id":415,"href":"http:\/\/stimme-und-persoenlichkeit.de\/index.php\/wp-json\/wp\/v2\/pages\/412\/revisions\/415"}],"wp:attachment":[{"href":"http:\/\/stimme-und-persoenlichkeit.de\/index.php\/wp-json\/wp\/v2\/media?parent=412"}],"curies":[{"name":"wp","href":"https:\/\/api.w.org\/{rel}","templated":true}]}}