{"id":482,"date":"2018-12-04T12:18:30","date_gmt":"2018-12-04T10:18:30","guid":{"rendered":"http:\/\/stimme-und-persoenlichkeit.de\/?page_id=482"},"modified":"2018-12-04T22:26:38","modified_gmt":"2018-12-04T20:26:38","slug":"trauma-arbeit","status":"publish","type":"page","link":"http:\/\/stimme-und-persoenlichkeit.de\/index.php\/coaching\/trauma-arbeit\/","title":{"rendered":"Trauma-Arbeit"},"content":{"rendered":"<p>F\u00fc die Arbeit mit Trauma nutze ich einen besonderen, speziell daf\u00fcr entwickelten Prozess. Er beinhaltet eine detaillierte Aufstellung mit Bodenankern, Formate aus dem NLP und Traumatherapien (z.B. sicherer Ort, Bildschirmtechnik), K\u00f6rper- Atem und Stimmarbeit, EFT, Craniosacralarbeit.<\/p>\n<p>Trauma bedeutet, dass ein Geschehen die damalige Pers\u00f6nlichkeit in ihrer F\u00e4higkeit die Situation zu erfassen, energetisch und emotional auszuhalten und danach zu verarbeiten v\u00f6llig \u00fcberfordert hat.<\/p>\n<p>Der k\u00f6rperliche und emotionale Stress sowie dazugeh\u00f6rende Gedanken, Gef\u00fchle und Pers\u00f6nlichkeitsanteile\u00a0 werden abgespalten und als unzusammenh\u00e4ngende, unverarbeitete Fragmente im K\u00f6rper und in der Seele gespeichert. Dies kann immer wieder\u00a0 zu Flashbacks, Panikattackenund\u00a0 posttraumatischen Belastungsst\u00f6rungen f\u00fchren.<\/p>\n<p>Bei der Aufstellung werden diese Fragmente ganz behutsam identifiziert, zusammengef\u00fchrt, zu einem Bild geordnet und bekommen ihren Platz im Lebenslauf.<\/p>\n<p>Diese Struktur bildet die Basis und Referenz aufgrund der dann mit verschiedenen Methoden individuell weitergearbeitet wird.<\/p>\n<p><strong>Die Vorteile:<\/strong><\/p>\n<ul>\n<li>Durch das Aufstellungsbild schafft die Klientin sich aktiv und selbstverantwortlich eine \u00fcberschaubare, nachvollziehbare und konsistente innere Struktur f\u00fcr das traumatisch erlebte Geschehen. Dies allein kann schon Gef\u00fchle von Ohnmacht, \u00dcberforderung, Chaos und Fragmentierung reduzieren.<\/li>\n<li>Der Klient kann das Tempo und Intensit\u00e4t immer im sensiblen und begleiteten Kontakt mit der eigenen inneren Welt selbst bestimmen.<\/li>\n<li>Durch die Externalisierung der inneren Erlebensstruktur ist Distanzierung und Beobachtung von au\u00dfen m\u00f6glich. Dies vermindert\u00a0 die Gefahr von emotionaler\u00a0 \u00dcberflutung und Retraumatisierung.<\/li>\n<li>Das Aufstellungsbild kann abfotografiert werden, steht damit immer wieder zur Verf\u00fcgung und kann von Sitzung zu Sitzung immer wieder leicht reproduziert werden.<\/li>\n<li>Gleichzeitig ist diese Bodenanker-Struktur auch v\u00f6llig flexibel und kann immer wieder ver\u00e4ndert und angepasst werden. So kann der innere Entwicklungsprozess w\u00e4hrend der Arbeit immer auch gleich in das Bild einflie\u00dfen und es modifizieren bis am Ende ein emotional gel\u00f6stes und mental integriertes Zielbild entstanden ist.<\/li>\n<\/ul>\n<p>&nbsp;<\/p>\n<p>&nbsp;<\/p>\n<p>&nbsp;<\/p>\n<p>&nbsp;<\/p>\n","protected":false},"excerpt":{"rendered":"<p>F\u00fc die Arbeit mit Trauma nutze ich einen besonderen, speziell daf\u00fcr entwickelten Prozess. Er beinhaltet eine detaillierte Aufstellung mit Bodenankern, Formate aus dem NLP und Traumatherapien (z.B. sicherer Ort, Bildschirmtechnik), K\u00f6rper- Atem und Stimmarbeit, EFT, Craniosacralarbeit. Trauma bedeutet, dass ein &hellip; <a href=\"http:\/\/stimme-und-persoenlichkeit.de\/index.php\/coaching\/trauma-arbeit\/\">Continued<\/a><\/p>\n","protected":false},"author":2,"featured_media":0,"parent":51,"menu_order":0,"comment_status":"closed","ping_status":"closed","template":"page-fullwidth.php","meta":[],"_links":{"self":[{"href":"http:\/\/stimme-und-persoenlichkeit.de\/index.php\/wp-json\/wp\/v2\/pages\/482"}],"collection":[{"href":"http:\/\/stimme-und-persoenlichkeit.de\/index.php\/wp-json\/wp\/v2\/pages"}],"about":[{"href":"http:\/\/stimme-und-persoenlichkeit.de\/index.php\/wp-json\/wp\/v2\/types\/page"}],"author":[{"embeddable":true,"href":"http:\/\/stimme-und-persoenlichkeit.de\/index.php\/wp-json\/wp\/v2\/users\/2"}],"replies":[{"embeddable":true,"href":"http:\/\/stimme-und-persoenlichkeit.de\/index.php\/wp-json\/wp\/v2\/comments?post=482"}],"version-history":[{"count":5,"href":"http:\/\/stimme-und-persoenlichkeit.de\/index.php\/wp-json\/wp\/v2\/pages\/482\/revisions"}],"predecessor-version":[{"id":495,"href":"http:\/\/stimme-und-persoenlichkeit.de\/index.php\/wp-json\/wp\/v2\/pages\/482\/revisions\/495"}],"up":[{"embeddable":true,"href":"http:\/\/stimme-und-persoenlichkeit.de\/index.php\/wp-json\/wp\/v2\/pages\/51"}],"wp:attachment":[{"href":"http:\/\/stimme-und-persoenlichkeit.de\/index.php\/wp-json\/wp\/v2\/media?parent=482"}],"curies":[{"name":"wp","href":"https:\/\/api.w.org\/{rel}","templated":true}]}}