{"id":500,"date":"2019-01-17T13:20:27","date_gmt":"2019-01-17T11:20:27","guid":{"rendered":"http:\/\/stimme-und-persoenlichkeit.de\/?page_id=500"},"modified":"2019-11-12T21:48:01","modified_gmt":"2019-11-12T19:48:01","slug":"singen-mit-bauch","status":"publish","type":"page","link":"http:\/\/stimme-und-persoenlichkeit.de\/index.php\/stimme\/singen-mit-bauch\/","title":{"rendered":"Singen mit BAUCH"},"content":{"rendered":"<div class=\"row\"> <div class=\"col-md-8\">\n<p><strong><span style=\"font-size: small;\"><em>SP\u00dcREN\u00a0 &#8211; BER\u00dcHREN &#8211; VERW\u00d6HNEN\u00a0 mit T\u00f6nen<\/em> <\/span><\/strong><\/p>\n<p><img loading=\"lazy\" class=\"alignnone size-medium wp-image-504\" src=\"http:\/\/stimme-und-persoenlichkeit.de\/wp-content\/uploads\/2019\/01\/pexels-photo-1449055-300x198.jpeg\" alt=\"pexels-photo-1449055\" width=\"300\" height=\"198\" srcset=\"http:\/\/stimme-und-persoenlichkeit.de\/wp-content\/uploads\/2019\/01\/pexels-photo-1449055-300x198.jpeg 300w, http:\/\/stimme-und-persoenlichkeit.de\/wp-content\/uploads\/2019\/01\/pexels-photo-1449055-768x508.jpeg 768w, http:\/\/stimme-und-persoenlichkeit.de\/wp-content\/uploads\/2019\/01\/pexels-photo-1449055.jpeg 1000w\" sizes=\"(max-width: 300px) 100vw, 300px\" \/><\/p>\n<p><strong><span style=\"font-size: small;\">\u00a0<\/span><\/strong><\/p>\n<p style=\"text-align: left;\"><strong>SINGEN tut gut und macht beide gl\u00fccklich &#8211; Mutter UND Baby !<br \/>\n<\/strong><\/p>\n<p style=\"text-align: left;\"><strong>Stimme ist Magie, Stimme ber\u00fchrt, Stimme verbindet!<\/strong><\/p>\n<p class=\"font_8\"><strong><span class=\"color_11\">Keine stimmlichen Vorerfahrungen n\u00f6tig: hier gibt es keine &#8216;falschen&#8217; T\u00f6ne \ud83d\ude42<br \/>\n<\/span><\/strong><\/p>\n<p class=\"font_8\"><span class=\"color_11\">Das Baby in deinem Bauch liebt es sehr, deine Stimme mit all ihren Schwingungen zu h\u00f6ren und zu f\u00fchlen! <\/span><\/p>\n<p class=\"font_8\"><span class=\"color_11\">Die Stimme wird dabei \u00fcber Knochenvibration \u00fcbertragen, die tragenden Beckenknochen wirken dabei wie nat\u00fcrliche Lautsprecher: dein\u00a0 <strong>Baby\u00a0 schwebt<\/strong> sozusagen <strong>in einer Klangschale<\/strong> aus Knochen!<\/span><\/p>\n<p class=\"font_8\"><span class=\"color_11\">Es erkennt \u00f6fters geh\u00f6rte Melodien auch nach der Geburt wieder und l\u00e4sst sich damit leicht tr\u00f6sten und beruhigen.<\/span><\/p>\n<p class=\"font_8\"><span class=\"color_11\">Singen und T\u00f6nen entspannt auch dich als Mutter, denn dabei werden Gl\u00fccks- und Bindungshormone gebildet, die Atmung vertieft und der Herzschlag verlangsamt. Es st\u00e4rkt auch die selben Muskeln die du f\u00fcr die Geburt brauchst. Darum k\u00f6nnen Singen und T\u00f6nen auch die Geburt k\u00f6rperlich und emotional unterst\u00fctzen.<\/span><\/p>\n<p class=\"font_8\"><span class=\"color_11\">Wohltuende und befreiende Atem &#8211; und K\u00f6rper\u00fcbungen entspannen, beleben und \u00f6ffnen den Raum f\u00fcr deine Stimme. <\/span><\/p>\n<p class=\"font_8\"><span class=\"color_11\">Dann kannst du frei oder mit kleinen Anleitungen t\u00f6nend, summend und singend mit dem neuen Leben in deinem Bauch kommunizieren und in Kontakt gehen und<strong> deine Stimme<\/strong> wird zur <strong>Nabelschnur zur Seele deines Kindes.<\/strong> <\/span><\/p>\n<p>&nbsp;<\/p>\n<p>&nbsp;<\/p>\n<h6><span style=\"text-decoration: underline;\"><strong>Atmende t\u00f6nende sanfte\u00a0 Geburt:<\/strong><\/span><strong>\u00a0\u00a0\u00a0<\/strong><\/h6>\n<h6>www.vimeo.com\/channels\/241234\/29003443\u00a0\u00a0\u00a0\u00a0\u00a0\u00a0\u00a0\u00a0\u00a0\u00a0\u00a0\u00a0\u00a0\u00a0 https:\/\/www.youtube.com\/watch?v=r-eW2miJN7U\u00a0\u00a0\u00a0\u00a0\u00a0\u00a0\u00a0\u00a0 https:\/\/www.youtube.com\/watch?v=DJC-x_j1xno<\/h6>\n<p>&nbsp;<\/p>\n<p>&nbsp;<\/p>\n<p>&nbsp;<\/p>\n<p>&nbsp;<\/p>\n<p>Dabei gibt es keine &#8216;falschen&#8217; T\u00f6ne und es sind keinerlei Vorkenntnisse erforderlich.<\/p>\n<p><strong>Ab 4 Teilnehmerinnen kann auch ein Schnupperabend, Minikurs \u00fcber \u00a0 \u00a0 \u00a0 \u00a0 \u00a0 \u00a0 \u00a0\u00a0 4 Termine oder ein 3-st\u00fcndiger Workshop auf privater Basis durchgef\u00fchrt werden!<\/strong><\/p>\n<p>Weitere Termine auf Anfrage.<\/p>\n<p>&nbsp;<\/p>\n<p><strong>Informationen im Netz:<\/strong><\/p>\n<p>https:\/\/www.swissmom.ch\/baby\/medizinisches\/das-neugeborene\/medbabysinne\/das-hoeren\/<\/p>\n<p>https:\/\/www.swissmom.ch\/aktuell\/wissen\/2012\/452012-mutters-stimme-hilft-im-brutkasten\/<\/p>\n<p>&nbsp;<\/p>\n<p>&nbsp;<\/p>\n<p>&nbsp;<\/p>\n<p>&nbsp;<\/p>\n<p><strong><span style=\"text-decoration: underline;\">Weitere interessante Informationen zu Schwangerschaft und Geburt:<\/span><\/strong><\/p>\n<p>www.birthintobeing.com\/neukodierung_der_limbischen_pr_gung<\/p>\n<p>&nbsp;<\/p>\n<p><span style=\"text-decoration: underline;\">Literatur<\/span><\/p>\n<p>Michel Odent: \u00a0 \u00a0\u00a0 Im Einklang mit der Natur &#8211; neue Ans\u00e4tze der sanften Geburt<\/p>\n<p>Daniel Stern:\u00a0\u00a0\u00a0\u00a0 \u00a0 Geburt einer Mutter<\/p>\n<p>Sabine Schlotz:\u00a0\u00a0 Bauchgefl\u00fcster<\/p>\n<p>Gerald H\u00fcther:\u00a0\u00a0\u00a0 Das Geheimnis der ersten neun Monate<\/p>\n<p>&nbsp;<\/p>\n<p>&nbsp;<\/p>\n<\/div><div class=\"col-md-4\">\n<p>&nbsp;<\/p>\n<p><strong>TERMINE:<\/strong><\/p>\n<ul>\n<li><strong><span style=\"text-decoration: underline;\">Elternschule\u00a0\u00a0 der\u00a0 M\u00dcLHEIMER FRAUENKLINIK<\/span><br \/>\n<\/strong><\/li>\n<\/ul>\n<p><strong>Immer Donnerstags\u00a0\u00a0 19-20.15 Uhr\u00a0<\/strong> \u00a0 \u00a0 \u00a0 \u00a0 \u00a0 <em><strong>ab 12.September<\/strong><\/em><\/p>\n<p>http:\/\/evkmh.de\/kliniken\/muelheimer-frauenklinik-geburtshilfe\/elternschule\/vor-der-geburt\/singen-und-toenen-mit-bauch.html<\/p>\n<p><strong>Anmeldung bitte bei mir.<\/strong><\/p>\n<p>&nbsp;<\/p>\n<p>&nbsp;<\/p>\n<ul>\n<li><span style=\"text-decoration: underline;\"><strong>Elternschule\u00a0 des\u00a0 KATHOLISCHEN BILDUNGSWERKS<\/strong><\/span><\/li>\n<\/ul>\n<p><span style=\"text-decoration: underline;\"><strong>OBERHAUSEN<\/strong><\/span><\/p>\n<p>Dienstag, 9.30- 11Uhr<\/p>\n<p><strong>10.\/17.\/24.Sept.<\/strong> 2019<\/p>\n<p>&nbsp;<\/p>\n<p><span style=\"text-decoration: underline;\"><strong>M\u00dcLHEIM\/Ruhr<\/strong><\/span><\/p>\n<p>Donnerstag, 19.30 &#8211; 21 Uhr<\/p>\n<p><strong>12.\/19.Sept<\/strong> 2019<\/p>\n<p><strong>Montag,<\/strong>\u00a0 <strong>18.\/25.Nov.<\/strong> 9.30-11 Uhr<\/p>\n<p>&nbsp;<\/p>\n<p><span style=\"text-decoration: underline;\"><strong>DUISBURG<\/strong><\/span><\/p>\n<p>Mittwoch\u00a0 <strong>6.\/ 13.\/20.Nov. 2019\u00a0 <\/strong>19.30-21 Uhr<\/p>\n<p><strong>\u00a0<\/strong><\/p>\n<p>Samstag\u00a0\u00a0 <strong>16.Nov. 2019<\/strong> 14.30-17\u00a0 Uhr<\/p>\n<p><strong>\u00a0<\/strong><\/p>\n<p>&nbsp;<\/p>\n<p>http:\/\/www.kefb-bistum-essen.de\/index.php?id=438&#038;urlparameter=kathaupt%3A26%3Bsuchesetzen%3Afalse%3B&#038;kfs_stichwort_schlagwort=Singen+mit+Bauch<\/p>\n<p>&nbsp;<\/p>\n<\/div><\/div>\n<p>&nbsp;<\/p>\n<p>&nbsp;<\/p>\n<p>&nbsp;<\/p>\n","protected":false},"excerpt":{"rendered":"<p>&nbsp; &nbsp; &nbsp;<\/p>\n","protected":false},"author":2,"featured_media":0,"parent":33,"menu_order":0,"comment_status":"closed","ping_status":"closed","template":"page-feature.php","meta":[],"_links":{"self":[{"href":"http:\/\/stimme-und-persoenlichkeit.de\/index.php\/wp-json\/wp\/v2\/pages\/500"}],"collection":[{"href":"http:\/\/stimme-und-persoenlichkeit.de\/index.php\/wp-json\/wp\/v2\/pages"}],"about":[{"href":"http:\/\/stimme-und-persoenlichkeit.de\/index.php\/wp-json\/wp\/v2\/types\/page"}],"author":[{"embeddable":true,"href":"http:\/\/stimme-und-persoenlichkeit.de\/index.php\/wp-json\/wp\/v2\/users\/2"}],"replies":[{"embeddable":true,"href":"http:\/\/stimme-und-persoenlichkeit.de\/index.php\/wp-json\/wp\/v2\/comments?post=500"}],"version-history":[{"count":43,"href":"http:\/\/stimme-und-persoenlichkeit.de\/index.php\/wp-json\/wp\/v2\/pages\/500\/revisions"}],"predecessor-version":[{"id":597,"href":"http:\/\/stimme-und-persoenlichkeit.de\/index.php\/wp-json\/wp\/v2\/pages\/500\/revisions\/597"}],"up":[{"embeddable":true,"href":"http:\/\/stimme-und-persoenlichkeit.de\/index.php\/wp-json\/wp\/v2\/pages\/33"}],"wp:attachment":[{"href":"http:\/\/stimme-und-persoenlichkeit.de\/index.php\/wp-json\/wp\/v2\/media?parent=500"}],"curies":[{"name":"wp","href":"https:\/\/api.w.org\/{rel}","templated":true}]}}